{"id":533,"date":"2017-05-21T04:56:19","date_gmt":"2017-05-21T04:56:19","guid":{"rendered":"http:\/\/dorfchilbi-nb.ch\/?page_id=533"},"modified":"2017-05-21T06:35:29","modified_gmt":"2017-05-21T06:35:29","slug":"bierschwemme","status":"publish","type":"page","link":"https:\/\/dorfchilbi-nb.ch\/?page_id=533","title":{"rendered":"Bierschwemme"},"content":{"rendered":"<p><img loading=\"lazy\" decoding=\"async\" class=\"wp-image-538 aligncenter\" src=\"http:\/\/dorfchilbi-nb.ch\/wp-content\/uploads\/2017\/05\/Bild-Bierschwemme.jpg\" alt=\"\" width=\"541\" height=\"406\" srcset=\"https:\/\/dorfchilbi-nb.ch\/wp-content\/uploads\/2017\/05\/Bild-Bierschwemme.jpg 1633w, https:\/\/dorfchilbi-nb.ch\/wp-content\/uploads\/2017\/05\/Bild-Bierschwemme-1024x768.jpg 1024w, https:\/\/dorfchilbi-nb.ch\/wp-content\/uploads\/2017\/05\/Bild-Bierschwemme-768x576.jpg 768w\" sizes=\"auto, (max-width: 541px) 100vw, 541px\" \/><\/p>\n<p><strong>Ein Besuch in unserer gem\u00fctlichen Bierschwemme ist ein Muss f\u00fcr jeden Chilbibesucher.<br \/>\n<\/strong><strong>Ein St\u00fcbli f\u00fcr jung &amp; alt&#8230;<\/strong><\/p>\n<p><strong>Wir verw\u00f6hnen Euch gerne mit unseren beliebten und legend\u00e4ren Pouletfl\u00fcgeli, einem erfrischenden Bier oder einem k\u00fchlen Weissbier.<\/strong><br \/>\n<strong> Geniesst das gem\u00fctliche Beisammensein in entspannter und geselliger Atmosph\u00e4re.<\/strong><br \/>\n<strong> Am Samstagabend sorgt \u00c4du live aus Kestenholz f\u00fcr gute Musik und tolle Stimmung.<\/strong><br \/>\n<strong> Wir freuen uns auf Deinen Besuch.<\/strong><\/p>\n<p><em><strong>Attraktionen:<br \/>\n<\/strong><strong>Samstagabend, ab 21.00 Uhr \u00c4du live aus Kestenholz<\/strong><\/em><\/p>\n","protected":false},"excerpt":{"rendered":"<p>Ein Besuch in unserer gem\u00fctlichen Bierschwemme ist ein Muss f\u00fcr jeden Chilbibesucher. Ein St\u00fcbli f\u00fcr jung &amp; alt&#8230; Wir verw\u00f6hnen Euch gerne mit unseren beliebten und legend\u00e4ren Pouletfl\u00fcgeli, einem erfrischenden Bier oder einem k\u00fchlen Weissbier. Geniesst das gem\u00fctliche Beisammensein in entspannter und geselliger Atmosph\u00e4re. Am Samstagabend sorgt \u00c4du live aus Kestenholz f\u00fcr gute Musik und <a class=\"more-link\" href=\"https:\/\/dorfchilbi-nb.ch\/?page_id=533\">Lesen Sie mehr &#8230;<\/a><\/p>\n","protected":false},"author":1,"featured_media":0,"parent":103,"menu_order":1,"comment_status":"closed","ping_status":"closed","template":"","meta":{"footnotes":""},"class_list":["post-533","page","type-page","status-publish","hentry"],"_links":{"self":[{"href":"https:\/\/dorfchilbi-nb.ch\/index.php?rest_route=\/wp\/v2\/pages\/533","targetHints":{"allow":["GET"]}}],"collection":[{"href":"https:\/\/dorfchilbi-nb.ch\/index.php?rest_route=\/wp\/v2\/pages"}],"about":[{"href":"https:\/\/dorfchilbi-nb.ch\/index.php?rest_route=\/wp\/v2\/types\/page"}],"author":[{"embeddable":true,"href":"https:\/\/dorfchilbi-nb.ch\/index.php?rest_route=\/wp\/v2\/users\/1"}],"replies":[{"embeddable":true,"href":"https:\/\/dorfchilbi-nb.ch\/index.php?rest_route=%2Fwp%2Fv2%2Fcomments&post=533"}],"version-history":[{"count":4,"href":"https:\/\/dorfchilbi-nb.ch\/index.php?rest_route=\/wp\/v2\/pages\/533\/revisions"}],"predecessor-version":[{"id":559,"href":"https:\/\/dorfchilbi-nb.ch\/index.php?rest_route=\/wp\/v2\/pages\/533\/revisions\/559"}],"up":[{"embeddable":true,"href":"https:\/\/dorfchilbi-nb.ch\/index.php?rest_route=\/wp\/v2\/pages\/103"}],"wp:attachment":[{"href":"https:\/\/dorfchilbi-nb.ch\/index.php?rest_route=%2Fwp%2Fv2%2Fmedia&parent=533"}],"curies":[{"name":"wp","href":"https:\/\/api.w.org\/{rel}","templated":true}]}}