{"id":591,"date":"2017-05-21T07:50:10","date_gmt":"2017-05-21T07:50:10","guid":{"rendered":"http:\/\/dorfchilbi-nb.ch\/?page_id=591"},"modified":"2019-07-08T16:39:11","modified_gmt":"2019-07-08T16:39:11","slug":"bar","status":"publish","type":"page","link":"https:\/\/dorfchilbi-nb.ch\/?page_id=591","title":{"rendered":"Unihockey Unschlag-Bar"},"content":{"rendered":"<p class=\"m7350403658100827342m-2425037147556868517m5454751362358949213m-4303102864840284515m839326874824297773msoplaintext\"><span style=\"font-size: 9.0pt; font-family: 'Verdana',sans-serif;\"><img loading=\"lazy\" decoding=\"async\" class=\"wp-image-271 aligncenter\" src=\"http:\/\/dorfchilbi-nb.ch\/wp-content\/uploads\/2014\/08\/DSC03452.jpg\" alt=\"\" width=\"413\" height=\"310\" srcset=\"https:\/\/dorfchilbi-nb.ch\/wp-content\/uploads\/2014\/08\/DSC03452.jpg 640w, https:\/\/dorfchilbi-nb.ch\/wp-content\/uploads\/2014\/08\/DSC03452-300x225.jpg 300w\" sizes=\"auto, (max-width: 413px) 100vw, 413px\" \/><\/span><\/p>\n<p class=\"m7350403658100827342m-2425037147556868517m5454751362358949213m-4303102864840284515m839326874824297773msoplaintext\"><span style=\"font-size: 9pt;\"><strong><span style=\"font-family: Verdana, sans-serif;\">Die Kirsche auf dem Dessert des Sechsg\u00e4ngers &#8211; man hat die Niederbuchster Chilbi nicht richtig gelebt, wenn man die Abende nicht\u00a0in der Bar der UnihockeyanerInnen ausklingen l\u00e4sst. Erfrischende Drinks und k\u00fchles Bier in ausgelassener Atmosph\u00e4re runden das Wochenende ab. Vom aktuellsten Charthit, \u00fcber Evergreens und Partyknallern zum kultigen 90er-Discohit. DJ Love und Konsorten servieren musikalische Leckerbissen bis das letzte Tanzbein ausgeschwungen ist.<\/span><\/strong><\/span><\/p>\n","protected":false},"excerpt":{"rendered":"<p>Die Kirsche auf dem Dessert des Sechsg\u00e4ngers &#8211; man hat die Niederbuchster Chilbi nicht richtig gelebt, wenn man die Abende nicht\u00a0in der Bar der UnihockeyanerInnen ausklingen l\u00e4sst. Erfrischende Drinks und k\u00fchles Bier in ausgelassener Atmosph\u00e4re runden das Wochenende ab. Vom aktuellsten Charthit, \u00fcber Evergreens und Partyknallern zum kultigen 90er-Discohit. DJ Love und Konsorten servieren musikalische <a class=\"more-link\" href=\"https:\/\/dorfchilbi-nb.ch\/?page_id=591\">Lesen Sie mehr &#8230;<\/a><\/p>\n","protected":false},"author":1,"featured_media":0,"parent":103,"menu_order":9,"comment_status":"closed","ping_status":"closed","template":"","meta":{"footnotes":""},"class_list":["post-591","page","type-page","status-publish","hentry"],"_links":{"self":[{"href":"https:\/\/dorfchilbi-nb.ch\/index.php?rest_route=\/wp\/v2\/pages\/591","targetHints":{"allow":["GET"]}}],"collection":[{"href":"https:\/\/dorfchilbi-nb.ch\/index.php?rest_route=\/wp\/v2\/pages"}],"about":[{"href":"https:\/\/dorfchilbi-nb.ch\/index.php?rest_route=\/wp\/v2\/types\/page"}],"author":[{"embeddable":true,"href":"https:\/\/dorfchilbi-nb.ch\/index.php?rest_route=\/wp\/v2\/users\/1"}],"replies":[{"embeddable":true,"href":"https:\/\/dorfchilbi-nb.ch\/index.php?rest_route=%2Fwp%2Fv2%2Fcomments&post=591"}],"version-history":[{"count":6,"href":"https:\/\/dorfchilbi-nb.ch\/index.php?rest_route=\/wp\/v2\/pages\/591\/revisions"}],"predecessor-version":[{"id":1018,"href":"https:\/\/dorfchilbi-nb.ch\/index.php?rest_route=\/wp\/v2\/pages\/591\/revisions\/1018"}],"up":[{"embeddable":true,"href":"https:\/\/dorfchilbi-nb.ch\/index.php?rest_route=\/wp\/v2\/pages\/103"}],"wp:attachment":[{"href":"https:\/\/dorfchilbi-nb.ch\/index.php?rest_route=%2Fwp%2Fv2%2Fmedia&parent=591"}],"curies":[{"name":"wp","href":"https:\/\/api.w.org\/{rel}","templated":true}]}}