{"id":610,"date":"2017-05-21T08:19:40","date_gmt":"2017-05-21T08:19:40","guid":{"rendered":"http:\/\/dorfchilbi-nb.ch\/?page_id=610"},"modified":"2017-06-13T20:10:26","modified_gmt":"2017-06-13T20:10:26","slug":"steakhouse","status":"publish","type":"page","link":"https:\/\/dorfchilbi-nb.ch\/?page_id=610","title":{"rendered":"Steakhouse"},"content":{"rendered":"<p><strong><img loading=\"lazy\" decoding=\"async\" class=\"alignnone  wp-image-648\" src=\"http:\/\/dorfchilbi-nb.ch\/wp-content\/uploads\/2017\/05\/Steakhouse-1.jpg\" alt=\"\" width=\"321\" height=\"241\" \/>\u00a0 \u00a0 \u00a0 \u00a0<img loading=\"lazy\" decoding=\"async\" class=\"alignnone  wp-image-649\" src=\"http:\/\/dorfchilbi-nb.ch\/wp-content\/uploads\/2017\/05\/Steakhouse-2.jpg\" alt=\"\" width=\"322\" height=\"242\" \/><\/strong><\/p>\n<p><strong>Herzlich willkommen im Chilbi-St\u00fcbli &#8220;Steakhouse&#8221; f\u00fcr Liebhaber und Liebhaberinnen von saftigen Steaks. <\/strong><\/p>\n<p><strong>Sie werden von uns mit Fleisch in bester Qualit\u00e4t aus der Region mit weisser Sauce oder nature und zu fairen Preisen verw\u00f6hnt. Dazu gibt es Pommes-frites oder Brot, einfach so, wie sie es w\u00fcnschen. Getr\u00e4nke aller Art stehen zur Verf\u00fcgung.<\/strong><\/p>\n<p><strong>Unsere G\u00e4ste werden sich in der entspannten und gem\u00fctlichen Atmosph\u00e4re wohl f\u00fchlen. Wir geben unser Bestes, sie kulinarisch zu verw\u00f6hnen.<\/strong><\/p>\n<p><strong>Wir freuen uns auf Sie!<\/strong><\/p>\n<p><strong>Euer Steakhouse Team<\/strong><\/p>\n","protected":false},"excerpt":{"rendered":"<p>\u00a0 \u00a0 \u00a0 \u00a0 Herzlich willkommen im Chilbi-St\u00fcbli &#8220;Steakhouse&#8221; f\u00fcr Liebhaber und Liebhaberinnen von saftigen Steaks. Sie werden von uns mit Fleisch in bester Qualit\u00e4t aus der Region mit weisser Sauce oder nature und zu fairen Preisen verw\u00f6hnt. Dazu gibt es Pommes-frites oder Brot, einfach so, wie sie es w\u00fcnschen. Getr\u00e4nke aller Art stehen zur <a class=\"more-link\" href=\"https:\/\/dorfchilbi-nb.ch\/?page_id=610\">Lesen Sie mehr &#8230;<\/a><\/p>\n","protected":false},"author":1,"featured_media":0,"parent":103,"menu_order":11,"comment_status":"closed","ping_status":"closed","template":"","meta":{"footnotes":""},"class_list":["post-610","page","type-page","status-publish","hentry"],"_links":{"self":[{"href":"https:\/\/dorfchilbi-nb.ch\/index.php?rest_route=\/wp\/v2\/pages\/610","targetHints":{"allow":["GET"]}}],"collection":[{"href":"https:\/\/dorfchilbi-nb.ch\/index.php?rest_route=\/wp\/v2\/pages"}],"about":[{"href":"https:\/\/dorfchilbi-nb.ch\/index.php?rest_route=\/wp\/v2\/types\/page"}],"author":[{"embeddable":true,"href":"https:\/\/dorfchilbi-nb.ch\/index.php?rest_route=\/wp\/v2\/users\/1"}],"replies":[{"embeddable":true,"href":"https:\/\/dorfchilbi-nb.ch\/index.php?rest_route=%2Fwp%2Fv2%2Fcomments&post=610"}],"version-history":[{"count":3,"href":"https:\/\/dorfchilbi-nb.ch\/index.php?rest_route=\/wp\/v2\/pages\/610\/revisions"}],"predecessor-version":[{"id":650,"href":"https:\/\/dorfchilbi-nb.ch\/index.php?rest_route=\/wp\/v2\/pages\/610\/revisions\/650"}],"up":[{"embeddable":true,"href":"https:\/\/dorfchilbi-nb.ch\/index.php?rest_route=\/wp\/v2\/pages\/103"}],"wp:attachment":[{"href":"https:\/\/dorfchilbi-nb.ch\/index.php?rest_route=%2Fwp%2Fv2%2Fmedia&parent=610"}],"curies":[{"name":"wp","href":"https:\/\/api.w.org\/{rel}","templated":true}]}}