{"id":624,"date":"2017-05-21T09:12:10","date_gmt":"2017-05-21T09:12:10","guid":{"rendered":"http:\/\/dorfchilbi-nb.ch\/?page_id=624"},"modified":"2024-05-02T20:08:52","modified_gmt":"2024-05-02T20:08:52","slug":"kontakt","status":"publish","type":"page","link":"https:\/\/dorfchilbi-nb.ch\/?page_id=624","title":{"rendered":"Kontakt"},"content":{"rendered":"<p><strong>Kontaktangaben:\u00a0 \u00a0\u00a0<\/strong><br \/>\nDorfchilbi Niederbuchsiten<br \/>\nPostfach 2<br \/>\n4626 Niederbuchsiten<\/p>\n<p>OK-Pr\u00e4sident: Markus M\u00fcller<br \/>\nE-Mail: kase1@bluewin.ch<\/p>\n<p><strong>Anmeldung Warenmarkt:<br \/>\n<\/strong>Unter diesem Link -&gt; <a href=\"http:\/\/chilbi-markt.ch\/\" target=\"_blank\" rel=\"noopener\">www.chilbi-markt.ch<\/a><\/p>\n<p><strong>Tr\u00e4gervereine:<\/strong><br \/>\n<a href=\"http:\/\/www.svn.ch\" target=\"_blank\" rel=\"noopener noreferrer\">Sch\u00fctzenverein<\/a><br \/>\n<a href=\"http:\/\/www.stvniederbuchsiten.ch\" target=\"_blank\" rel=\"noopener noreferrer\">Turnverein<\/a><br \/>\n<a href=\"http:\/\/www.mg-niederbuchsiten.ch\" target=\"_blank\" rel=\"noopener noreferrer\">Musikgesellschaft<\/a><br \/>\n<a href=\"http:\/\/www.uhniederbuchsiten.ch\" target=\"_blank\" rel=\"noopener noreferrer\">Unihockey<\/a><\/p>\n","protected":false},"excerpt":{"rendered":"<p>Kontaktangaben:\u00a0 \u00a0\u00a0 Dorfchilbi Niederbuchsiten Postfach 2 4626 Niederbuchsiten OK-Pr\u00e4sident: Markus M\u00fcller E-Mail: kase1@bluewin.ch Anmeldung Warenmarkt: Unter diesem Link -&gt; www.chilbi-markt.ch Tr\u00e4gervereine: Sch\u00fctzenverein Turnverein Musikgesellschaft Unihockey<\/p>\n","protected":false},"author":1,"featured_media":0,"parent":0,"menu_order":0,"comment_status":"closed","ping_status":"closed","template":"","meta":{"footnotes":""},"class_list":["post-624","page","type-page","status-publish","hentry"],"_links":{"self":[{"href":"https:\/\/dorfchilbi-nb.ch\/index.php?rest_route=\/wp\/v2\/pages\/624","targetHints":{"allow":["GET"]}}],"collection":[{"href":"https:\/\/dorfchilbi-nb.ch\/index.php?rest_route=\/wp\/v2\/pages"}],"about":[{"href":"https:\/\/dorfchilbi-nb.ch\/index.php?rest_route=\/wp\/v2\/types\/page"}],"author":[{"embeddable":true,"href":"https:\/\/dorfchilbi-nb.ch\/index.php?rest_route=\/wp\/v2\/users\/1"}],"replies":[{"embeddable":true,"href":"https:\/\/dorfchilbi-nb.ch\/index.php?rest_route=%2Fwp%2Fv2%2Fcomments&post=624"}],"version-history":[{"count":8,"href":"https:\/\/dorfchilbi-nb.ch\/index.php?rest_route=\/wp\/v2\/pages\/624\/revisions"}],"predecessor-version":[{"id":1350,"href":"https:\/\/dorfchilbi-nb.ch\/index.php?rest_route=\/wp\/v2\/pages\/624\/revisions\/1350"}],"wp:attachment":[{"href":"https:\/\/dorfchilbi-nb.ch\/index.php?rest_route=%2Fwp%2Fv2%2Fmedia&parent=624"}],"curies":[{"name":"wp","href":"https:\/\/api.w.org\/{rel}","templated":true}]}}