{"id":821,"date":"2018-04-24T18:58:07","date_gmt":"2018-04-24T18:58:07","guid":{"rendered":"http:\/\/dorfchilbi-nb.ch\/?page_id=821"},"modified":"2025-07-26T06:44:13","modified_gmt":"2025-07-26T06:44:13","slug":"sponsoren-2","status":"publish","type":"page","link":"https:\/\/dorfchilbi-nb.ch\/?page_id=821","title":{"rendered":"Sponsoren"},"content":{"rendered":"\n<p><strong>Die Dorfchilbi Niederbuchsiten bedankt sich herzlich bei folgenden Sponsoren:<\/strong><\/p>\n\n\n<table class=\"wp-block-table\">\n<tbody>\n<tr>\n<td><a href=\"https:\/\/www.ac-spanndecken.ch\/\" target=\"_blank\" rel=\"noopener\">AC Spanndecken, Oberbuchsiten<\/a><\/td>\n<td><a href=\"https:\/\/www.maler-welter.ch\/\" target=\"_blank\" rel=\"noopener\">Malergesch\u00e4ft Welter &amp; Sohn, Oberbuchsiten<\/a><\/td>\n<\/tr>\n<tr>\n<td><a href=\"https:\/\/maps.app.goo.gl\/Berqb2aYVAPGQhzq9\" target=\"_blank\" rel=\"noopener\">Atelier Sagi, Niederbuchsiten<\/a><\/td>\n<td><a href=\"https:\/\/www.local.ch\/en\/d\/kestenholz\/4703\/painting\/meister-malergeschaeft-5hV7P2DJ4zkKiKHY0OUEiw\" target=\"_blank\" rel=\"noopener\">Meister Malergesch\u00e4ft, Kestenholz<\/a><\/td>\n<\/tr>\n<tr>\n<td><a href=\"https:\/\/www.blacksheephighlanders.com\/\" target=\"_blank\" rel=\"noopener\">BlackSheep Highlanders<\/a><\/td>\n<td><a href=\"http:\/\/www.muellergemuesebau.ch\/\" target=\"_blank\" rel=\"noopener\">M\u00fcller Gem\u00fcse, Niederbuchsiten<\/a><\/td>\n<\/tr>\n<tr>\n<td><a href=\"https:\/\/www.dosamigos.ch\/\">Dos Amigos Oberbuchsiten<\/a><\/td>\n<td><a href=\"https:\/\/perren-online.ch\/\" target=\"_blank\" rel=\"noopener\">Perren Malerei Gipserei, Oensingen<\/a><\/td>\n<\/tr>\n<tr>\n<td><a href=\"https:\/\/www.gourmetontour.ch\/\" target=\"_blank\" rel=\"noopener\">GOURMET ON TOUR, Niederbuchsiten<\/a><\/td>\n<td><a href=\"https:\/\/pva-neuendorf.ch\/\" target=\"_blank\" rel=\"noopener\">Perriard + von Arx AG, Neuendorf<\/a><\/td>\n<\/tr>\n<tr>\n<td><a href=\"https:\/\/www.niederbuchsiten.ch\/\" target=\"_blank\" rel=\"noopener\">Einwohnergemeinde, Niederbuchsiten<\/a><\/td>\n<td><a href=\"https:\/\/www.raiffeisen.ch\/gaeu-bipperamt\/de.html\" target=\"_blank\" rel=\"noopener\">Raiffeisenbank G\u00e4u-Bipperamt<\/a><\/td>\n<\/tr>\n<tr>\n<td><a href=\"https:\/\/www.haener-gmbh.ch\/de\" target=\"_blank\" rel=\"noopener\">H\u00e4ner Garagentore GmbH, Kestenholz<\/a><\/td>\n<td><a href=\"https:\/\/www.riwadesign.ch\/\" target=\"_blank\" rel=\"noopener\">RIWA Design AG, Egerkingen<\/a><\/td>\n<\/tr>\n<tr>\n<td><a href=\"https:\/\/www.hobau.ch\/\" target=\"_blank\" rel=\"noopener\">HOBAU Zimmerei, Harkingen<\/a><\/td>\n<td><a href=\"https:\/\/www.swisscom.ch\/\">Swisscom<\/a><\/td>\n<\/tr>\n<tr>\n<td>\u00a0<\/td>\n<td><a href=\"https:\/\/www.vogel-bau.ch\/\" target=\"_blank\" rel=\"noopener\">Vogel AG, Egerkingen<\/a><\/td>\n<\/tr>\n<tr>\n<td>\u00a0<\/td>\n<td>\u00a0<\/td>\n<\/tr>\n<tr>\n<td>\u00a0<\/td>\n<td>\u00a0<\/td>\n<\/tr>\n<tr>\n<td>\u00a0<\/td>\n<td>\u00a0<\/td>\n<\/tr>\n<tr>\n<td>\u00a0<\/td>\n<td>\u00a0<\/td>\n<\/tr>\n<\/tbody>\n<\/table>\n\n\n<p><\/p>\n\n\n\n<p><\/p>\n","protected":false},"excerpt":{"rendered":"<p>Die Dorfchilbi Niederbuchsiten bedankt sich herzlich bei folgenden Sponsoren: AC Spanndecken, Oberbuchsiten Malergesch\u00e4ft Welter &amp; Sohn, Oberbuchsiten Atelier Sagi, Niederbuchsiten Meister Malergesch\u00e4ft, Kestenholz BlackSheep Highlanders M\u00fcller Gem\u00fcse, Niederbuchsiten Dos Amigos Oberbuchsiten Perren Malerei Gipserei, Oensingen GOURMET ON TOUR, Niederbuchsiten Perriard + von Arx AG, Neuendorf Einwohnergemeinde, Niederbuchsiten Raiffeisenbank G\u00e4u-Bipperamt H\u00e4ner Garagentore GmbH, Kestenholz RIWA Design <a class=\"more-link\" href=\"https:\/\/dorfchilbi-nb.ch\/?page_id=821\">Lesen Sie mehr &#8230;<\/a><\/p>\n","protected":false},"author":3,"featured_media":0,"parent":0,"menu_order":0,"comment_status":"closed","ping_status":"closed","template":"","meta":{"footnotes":""},"class_list":["post-821","page","type-page","status-publish","hentry"],"_links":{"self":[{"href":"https:\/\/dorfchilbi-nb.ch\/index.php?rest_route=\/wp\/v2\/pages\/821","targetHints":{"allow":["GET"]}}],"collection":[{"href":"https:\/\/dorfchilbi-nb.ch\/index.php?rest_route=\/wp\/v2\/pages"}],"about":[{"href":"https:\/\/dorfchilbi-nb.ch\/index.php?rest_route=\/wp\/v2\/types\/page"}],"author":[{"embeddable":true,"href":"https:\/\/dorfchilbi-nb.ch\/index.php?rest_route=\/wp\/v2\/users\/3"}],"replies":[{"embeddable":true,"href":"https:\/\/dorfchilbi-nb.ch\/index.php?rest_route=%2Fwp%2Fv2%2Fcomments&post=821"}],"version-history":[{"count":69,"href":"https:\/\/dorfchilbi-nb.ch\/index.php?rest_route=\/wp\/v2\/pages\/821\/revisions"}],"predecessor-version":[{"id":1510,"href":"https:\/\/dorfchilbi-nb.ch\/index.php?rest_route=\/wp\/v2\/pages\/821\/revisions\/1510"}],"wp:attachment":[{"href":"https:\/\/dorfchilbi-nb.ch\/index.php?rest_route=%2Fwp%2Fv2%2Fmedia&parent=821"}],"curies":[{"name":"wp","href":"https:\/\/api.w.org\/{rel}","templated":true}]}}